{"id":281059,"date":"2023-10-04T00:05:07","date_gmt":"2023-10-03T21:05:07","guid":{"rendered":"https:\/\/meddefense.com.tr\/lubo-airline-management-system\/"},"modified":"2023-10-04T00:05:07","modified_gmt":"2023-10-03T21:05:07","slug":"lubo-airline-management-system","status":"publish","type":"page","link":"https:\/\/nettas.com.tr\/en\/lubo-airline-management-system\/","title":{"rendered":"Lubo Airline Management System"},"content":{"rendered":"<p>[et_pb_section fb_built=&#8221;1&#8243; custom_padding_last_edited=&#8221;on|desktop&#8221; admin_label=&#8221;Ba\u015fl\u0131k G\u00f6rseli&#8221; _builder_version=&#8221;4.6.4&#8243; background_image=&#8221;https:\/\/meddefense.com.tr\/wp-content\/uploads\/2021\/01\/meddefense-urunler-all.jpg&#8221; background_position=&#8221;bottom_center&#8221; custom_padding=&#8221;120px||330px||false|false&#8221; custom_padding_tablet=&#8221;||200px||false|false&#8221; custom_padding_phone=&#8221;||240px||false|false&#8221; animation_style=&#8221;fade&#8221; animation_direction=&#8221;top&#8221; background_last_edited=&#8221;off|phone&#8221; parallax_phone=&#8221;off&#8221; background_blend_phone=&#8221;normal&#8221; global_module=&#8221;279929&#8243; saved_tabs=&#8221;all&#8221;][\/et_pb_section][et_pb_section fb_built=&#8221;1&#8243; custom_padding_last_edited=&#8221;on|desktop&#8221; _builder_version=&#8221;4.4.8&#8243; background_enable_image=&#8221;off&#8221; background_size=&#8221;initial&#8221; background_position=&#8221;top_left&#8221; background_repeat=&#8221;repeat&#8221; custom_padding=&#8221;60px||0px||false|false&#8221; custom_padding_tablet=&#8221;10px||||false|false&#8221; custom_padding_phone=&#8221;&#8221;][et_pb_row custom_padding_last_edited=&#8221;on|desktop&#8221; _builder_version=&#8221;4.6.4&#8243; background_enable_image=&#8221;off&#8221; width=&#8221;100%&#8221; width_tablet=&#8221;100%&#8221; width_phone=&#8221;&#8221; width_last_edited=&#8221;on|phone&#8221; max_width=&#8221;80%&#8221; max_width_tablet=&#8221;80%&#8221; max_width_phone=&#8221;&#8221; max_width_last_edited=&#8221;on|phone&#8221; custom_padding=&#8221;0px||||false|false&#8221; custom_padding_tablet=&#8221;20px||5px||false|false&#8221; custom_padding_phone=&#8221;20px||5px||false|false&#8221;][et_pb_column type=&#8221;4_4&#8243; _builder_version=&#8221;4.4.8&#8243;][et_pb_text _builder_version=&#8221;4.6.4&#8243; _module_preset=&#8221;default&#8221; background_enable_color=&#8221;off&#8221;]<\/p>\n<h1>Lubo Airline Management System<\/h1>\n<p>[\/et_pb_text][\/et_pb_column][\/et_pb_row][et_pb_row _builder_version=&#8221;4.4.8&#8243; custom_padding=&#8221;0px||0px||false|false&#8221;][et_pb_column type=&#8221;4_4&#8243; _builder_version=&#8221;4.4.8&#8243;][et_pb_blurb icon_placement=&#8221;left&#8221; content_max_width=&#8221;100%&#8221; font_icon_tablet=&#8221;%%90%%&#8221; font_icon_phone=&#8221;%%90%%&#8221; font_icon_last_edited=&#8221;on|phone&#8221; icon_color_tablet=&#8221;&#8221; icon_color_phone=&#8221;&#8221; icon_color_last_edited=&#8221;on|phone&#8221; icon_placement_tablet=&#8221;left&#8221; icon_placement_phone=&#8221;top&#8221; icon_placement_last_edited=&#8221;on|phone&#8221; content_tablet=&#8221;<\/p>\n<blockquote>\n<p style=%22text-align: left;%22><\/blockquote>\n<p>&#8221; content_phone=&#8221;<\/p>\n<blockquote>\n<p style=%22text-align: left;%22><\/blockquote>\n<p>&#8221; content_last_edited=&#8221;off|desktop&#8221; content_max_width_tablet=&#8221;&#8221; content_max_width_phone=&#8221;&#8221; content_max_width_last_edited=&#8221;on|desktop&#8221; icon_font_size_tablet=&#8221;68px&#8221; icon_font_size_phone=&#8221;&#8221; icon_font_size_last_edited=&#8221;on|desktop&#8221; _builder_version=&#8221;4.6.4&#8243; body_font_size=&#8221;20px&#8221; body_line_height=&#8221;1.6em&#8221; background_enable_color=&#8221;off&#8221; background_enable_image=&#8221;off&#8221; background_size=&#8221;initial&#8221; background_position=&#8221;top_left&#8221; background_repeat=&#8221;repeat&#8221; transform_scale_tablet=&#8221;&#8221; transform_scale_phone=&#8221;&#8221; transform_scale_last_edited=&#8221;on|desktop&#8221; transform_scale_linked=&#8221;off&#8221; transform_translate_tablet=&#8221;0px|0px&#8221; transform_translate_phone=&#8221;4px|0px&#8221; transform_translate_last_edited=&#8221;on|desktop&#8221; transform_rotate_tablet=&#8221;&#8221; transform_rotate_phone=&#8221;&#8221; transform_rotate_last_edited=&#8221;on|desktop&#8221; transform_skew_tablet=&#8221;&#8221; transform_skew_phone=&#8221;&#8221; transform_skew_last_edited=&#8221;on|desktop&#8221; transform_origin_tablet=&#8221;&#8221; transform_origin_phone=&#8221;&#8221; transform_origin_last_edited=&#8221;on|desktop&#8221; transform_styles_last_edited=&#8221;on|desktop&#8221; custom_padding=&#8221;12px|30px|12px|30px|true|true&#8221; custom_padding_tablet=&#8221;20px|20px|20px|20px|false|true&#8221; custom_padding_phone=&#8221;|20px||20px|false|true&#8221; custom_padding_last_edited=&#8221;on|desktop&#8221; body_font_size_tablet=&#8221;&#8221; body_font_size_phone=&#8221;18px&#8221; body_font_size_last_edited=&#8221;on|phone&#8221; body_line_height_tablet=&#8221;1.4em&#8221; body_line_height_phone=&#8221;1.2em&#8221; body_line_height_last_edited=&#8221;on|phone&#8221; transform_styles_tablet=&#8221;&#8221; transform_styles_phone=&#8221;&#8221; text_orientation_tablet=&#8221;&#8221; text_orientation_phone=&#8221;left&#8221; text_orientation_last_edited=&#8221;on|phone&#8221; border_color_right=&#8221;#e02b20&#8243;]<\/p>\n<blockquote>\n<p style=\"text-align: left;\"> The only non-invasive device that can open the airway by mimicking the jaw-thrust manoeuvre while protecting the cervical spine.<\/p>\n<\/blockquote>\n<p>[\/et_pb_blurb][\/et_pb_column][\/et_pb_row][\/et_pb_section][et_pb_section fb_built=&#8221;1&#8243; _builder_version=&#8221;4.6.4&#8243; _module_preset=&#8221;default&#8221; background_image=&#8221;https:\/\/meddefense.com.tr\/wp-content\/uploads\/2020\/10\/meddefense-bg-1.jpg&#8221; background_size=&#8221;initial&#8221; background_repeat=&#8221;repeat&#8221;][et_pb_row column_structure=&#8221;1_4,1_4,1_4,1_4&#8243; _builder_version=&#8221;4.6.4&#8243; _module_preset=&#8221;default&#8221; custom_css_main_element=&#8221;display: flex;&#8221; custom_css_main_element_last_edited=&#8221;on|desktop&#8221; custom_css_main_element_tablet=&#8221;display: flex;&#8221; custom_css_main_element_phone=&#8221;display: flex;&#8221;][et_pb_column type=&#8221;1_4&#8243; _builder_version=&#8221;4.6.4&#8243; _module_preset=&#8221;default&#8221;][et_pb_blurb title=&#8221;Non-Invasive Airway Management&#8221; image=&#8221;https:\/\/meddefense.com.tr\/wp-content\/uploads\/2020\/12\/meddefense_com-lubo-noninvasive-havayolu-yonetimi.png&#8221; _builder_version=&#8221;4.6.4&#8243; _module_preset=&#8221;default&#8221; header_text_align=&#8221;center&#8221;][\/et_pb_blurb][\/et_pb_column][et_pb_column type=&#8221;1_4&#8243; _builder_version=&#8221;4.6.4&#8243; _module_preset=&#8221;default&#8221;][et_pb_blurb title=&#8221;Neck Independent Immobilisation&#8221; image=&#8221;https:\/\/meddefense.com.tr\/wp-content\/uploads\/2020\/12\/meddefense_com-lubo-boynu-serbest-birakan-sabitleme.png&#8221; _builder_version=&#8221;4.6.4&#8243; _module_preset=&#8221;default&#8221; header_text_align=&#8221;center&#8221;][\/et_pb_blurb][\/et_pb_column][et_pb_column type=&#8221;1_4&#8243; _builder_version=&#8221;4.6.4&#8243; _module_preset=&#8221;default&#8221;][et_pb_blurb title=&#8221;Supports Intubation&#8221; image=&#8221;https:\/\/meddefense.com.tr\/wp-content\/uploads\/2020\/12\/meddefense_com-lubo-entubasyon-destegi.png&#8221; _builder_version=&#8221;4.6.4&#8243; _module_preset=&#8221;default&#8221; header_text_align=&#8221;center&#8221;][\/et_pb_blurb][\/et_pb_column][et_pb_column type=&#8221;1_4&#8243; _builder_version=&#8221;4.6.4&#8243; _module_preset=&#8221;default&#8221;][et_pb_blurb title=&#8221;Adjustable According to Size&#8221; image=&#8221;https:\/\/meddefense.com.tr\/wp-content\/uploads\/2020\/12\/meddefense_com-lubo-ayarlanabilir-boyutlar.png&#8221; _builder_version=&#8221;4.6.4&#8243; _module_preset=&#8221;default&#8221; header_text_align=&#8221;center&#8221;][\/et_pb_blurb][\/et_pb_column][\/et_pb_row][\/et_pb_section][et_pb_section fb_built=&#8221;1&#8243; specialty=&#8221;on&#8221; custom_padding_last_edited=&#8221;on|phone&#8221; admin_label=&#8221;\u00dcr\u00fcn G\u00f6rselleri ve Yan Men\u00fc&#8221; _builder_version=&#8221;4.6.4&#8243; _module_preset=&#8221;default&#8221; inner_module_alignment=&#8221;center&#8221; custom_padding=&#8221;50px||60px||false|false&#8221; custom_padding_tablet=&#8221;0px||60px||false|false&#8221; custom_padding_phone=&#8221;0px||60px||false|false&#8221;][et_pb_column type=&#8221;3_4&#8243; specialty_columns=&#8221;3&#8243; _builder_version=&#8221;3.25&#8243; custom_padding=&#8221;|||&#8221; custom_padding__hover=&#8221;|||&#8221;][et_pb_row_inner column_structure=&#8221;1_3,1_3,1_3&#8243; _builder_version=&#8221;4.6.4&#8243; _module_preset=&#8221;default&#8221; background_color=&#8221;rgba(0,0,0,0)&#8221; custom_margin=&#8221;||||false|false&#8221; custom_padding=&#8221;0px||||false|false&#8221; locked=&#8221;off&#8221;][et_pb_column_inner type=&#8221;1_3&#8243; saved_specialty_column_type=&#8221;3_4&#8243; _builder_version=&#8221;4.6.4&#8243; _module_preset=&#8221;default&#8221;][et_pb_image src=&#8221;https:\/\/meddefense.com.tr\/wp-content\/uploads\/2020\/12\/meddefense_com-lubo-yetiskin.jpg&#8221; title_text=&#8221;meddefense_com-lubo-yetiskin&#8221; show_in_lightbox=&#8221;on&#8221; use_overlay=&#8221;on&#8221; overlay_icon_color=&#8221;#e02b20&#8243; hover_icon=&#8221;%%200%%&#8221; _builder_version=&#8221;4.6.4&#8243; _module_preset=&#8221;default&#8221; custom_margin=&#8221;||0px||false|false&#8221;][\/et_pb_image][et_pb_text content_tablet=&#8221;<\/p>\n<h3 style=%22text-align: center;%22>ADULT<\/h3>\n<p>&#8221; content_phone=&#8221;<\/p>\n<h3 style=%22text-align: center;%22>ADULT<\/h3>\n<p>&#8221; content_last_edited=&#8221;on|phone&#8221; _builder_version=&#8221;4.6.4&#8243; _module_preset=&#8221;default&#8221; header_3_font=&#8221;Fira Sans Extra Condensed||||||||&#8221; header_3_font_size=&#8221;20px&#8221; background_enable_color=&#8221;off&#8221; custom_padding_tablet=&#8221;&#8221; custom_padding_phone=&#8221;&#8221; custom_padding_last_edited=&#8221;on|desktop&#8221; header_font_size_tablet=&#8221;&#8221; header_font_size_phone=&#8221;&#8221; header_font_size_last_edited=&#8221;on|phone&#8221; header_3_font_size_tablet=&#8221;25px&#8221; header_3_font_size_phone=&#8221;22px&#8221; header_3_font_size_last_edited=&#8221;on|phone&#8221;]<\/p>\n<h3 style=\"text-align: center;\">ADULT<\/h3>\n<p>[\/et_pb_text][\/et_pb_column_inner][et_pb_column_inner type=&#8221;1_3&#8243; saved_specialty_column_type=&#8221;3_4&#8243; _builder_version=&#8221;4.6.4&#8243; _module_preset=&#8221;default&#8221;][et_pb_image src=&#8221;https:\/\/meddefense.com.tr\/wp-content\/uploads\/2020\/12\/meddefense_com-lubo-askeri.jpg&#8221; title_text=&#8221;meddefense_com-lubo-askeri&#8221; show_in_lightbox=&#8221;on&#8221; use_overlay=&#8221;on&#8221; overlay_icon_color=&#8221;#e02b20&#8243; hover_icon=&#8221;%%200%%&#8221; _builder_version=&#8221;4.6.4&#8243; _module_preset=&#8221;default&#8221; custom_margin=&#8221;||0px||false|false&#8221;][\/et_pb_image][et_pb_text content_tablet=&#8221;<\/p>\n<h3 style=%22text-align: center;%22>MILITARY<\/h3>\n<p>&#8221; content_phone=&#8221;<\/p>\n<h3 style=%22text-align: center;%22>MILITARY<\/h3>\n<p>&#8221; content_last_edited=&#8221;on|phone&#8221; _builder_version=&#8221;4.6.4&#8243; _module_preset=&#8221;default&#8221; header_3_font=&#8221;Fira Sans Extra Condensed||||||||&#8221; header_3_font_size=&#8221;20px&#8221; background_enable_color=&#8221;off&#8221; header_font_size_tablet=&#8221;&#8221; header_font_size_phone=&#8221;&#8221; header_font_size_last_edited=&#8221;on|phone&#8221; header_3_font_size_tablet=&#8221;25px&#8221; header_3_font_size_phone=&#8221;22px&#8221; header_3_font_size_last_edited=&#8221;on|phone&#8221;]<\/p>\n<h3 style=\"text-align: center;\">MILITARY<\/h3>\n<p>[\/et_pb_text][\/et_pb_column_inner][et_pb_column_inner type=&#8221;1_3&#8243; saved_specialty_column_type=&#8221;3_4&#8243; _builder_version=&#8221;4.6.4&#8243; _module_preset=&#8221;default&#8221;][et_pb_image src=&#8221;https:\/\/meddefense.com.tr\/wp-content\/uploads\/2020\/12\/meddefense_com-lubo-cocuk.jpg&#8221; title_text=&#8221;meddefense_com-lubo-cocuk&#8221; show_in_lightbox=&#8221;on&#8221; use_overlay=&#8221;on&#8221; overlay_icon_color=&#8221;#e02b20&#8243; hover_icon=&#8221;%%200%%&#8221; _builder_version=&#8221;4.6.4&#8243; _module_preset=&#8221;default&#8221; custom_margin=&#8221;||0px||false|false&#8221;][\/et_pb_image][et_pb_text content_tablet=&#8221;<\/p>\n<h3 style=%22text-align: center;%22>CHILD<\/h3>\n<p>&#8221; content_phone=&#8221;<\/p>\n<h3 style=%22text-align: center;%22>CHILD<\/h3>\n<p>&#8221; content_last_edited=&#8221;on|phone&#8221; _builder_version=&#8221;4.6.4&#8243; _module_preset=&#8221;default&#8221; header_3_font=&#8221;Fira Sans Extra Condensed||||||||&#8221; header_3_font_size=&#8221;20px&#8221; background_enable_color=&#8221;off&#8221; header_font_size_tablet=&#8221;&#8221; header_font_size_phone=&#8221;&#8221; header_font_size_last_edited=&#8221;on|phone&#8221; header_3_font_size_tablet=&#8221;25px&#8221; header_3_font_size_phone=&#8221;22px&#8221; header_3_font_size_last_edited=&#8221;on|phone&#8221;]<\/p>\n<h3 style=\"text-align: center;\">CHILD<\/h3>\n<p>[\/et_pb_text][\/et_pb_column_inner][\/et_pb_row_inner][et_pb_row_inner column_structure=&#8221;1_3,1_3,1_3&#8243; _builder_version=&#8221;4.6.4&#8243; _module_preset=&#8221;default&#8221; background_color=&#8221;rgba(0,0,0,0)&#8221; custom_margin=&#8221;||||false|false&#8221; custom_padding=&#8221;0px||||false|false&#8221; locked=&#8221;off&#8221;][et_pb_column_inner type=&#8221;1_3&#8243; saved_specialty_column_type=&#8221;3_4&#8243; _builder_version=&#8221;4.6.4&#8243; _module_preset=&#8221;default&#8221;][et_pb_image src=&#8221;https:\/\/meddefense.com.tr\/wp-content\/uploads\/2020\/12\/meddefense_com-lubo-detay.jpg&#8221; title_text=&#8221;meddefense_com-lubo-detay&#8221; show_in_lightbox=&#8221;on&#8221; use_overlay=&#8221;on&#8221; overlay_icon_color=&#8221;#e02b20&#8243; hover_icon=&#8221;%%200%%&#8221; _builder_version=&#8221;4.6.4&#8243; _module_preset=&#8221;default&#8221; custom_margin=&#8221;||0px||false|false&#8221;][\/et_pb_image][\/et_pb_column_inner][et_pb_column_inner type=&#8221;1_3&#8243; saved_specialty_column_type=&#8221;3_4&#8243; _builder_version=&#8221;4.6.4&#8243; _module_preset=&#8221;default&#8221;][et_pb_image src=&#8221;https:\/\/meddefense.com.tr\/wp-content\/uploads\/2020\/12\/meddefense_com-lubo-uygulama.jpg&#8221; title_text=&#8221;meddefense_com-lubo-uygulama&#8221; show_in_lightbox=&#8221;on&#8221; use_overlay=&#8221;on&#8221; overlay_icon_color=&#8221;#e02b20&#8243; hover_icon=&#8221;%%200%%&#8221; _builder_version=&#8221;4.6.4&#8243; _module_preset=&#8221;default&#8221; custom_margin=&#8221;||0px||false|false&#8221;][\/et_pb_image][\/et_pb_column_inner][et_pb_column_inner type=&#8221;1_3&#8243; saved_specialty_column_type=&#8221;3_4&#8243; _builder_version=&#8221;4.6.4&#8243; _module_preset=&#8221;default&#8221;][\/et_pb_column_inner][\/et_pb_row_inner][et_pb_row_inner custom_padding_last_edited=&#8221;on|phone&#8221; _builder_version=&#8221;4.6.4&#8243; module_alignment=&#8221;center&#8221; height=&#8221;100%&#8221; max_height=&#8221;100%&#8221; custom_padding=&#8221;50px||60px||false|false&#8221; custom_padding_tablet=&#8221;30px||||false|false&#8221; custom_padding_phone=&#8221;10px||||false|false&#8221;][et_pb_column_inner saved_specialty_column_type=&#8221;3_4&#8243; _builder_version=&#8221;4.4.8&#8243;][et_pb_tabs _builder_version=&#8221;4.6.4&#8243; tab_font=&#8221;||||||||&#8221; background_enable_color=&#8221;off&#8221; width_tablet=&#8221;100%&#8221; width_phone=&#8221;100%&#8221; width_last_edited=&#8221;on|phone&#8221; max_width_tablet=&#8221;&#8221; max_width_phone=&#8221;&#8221; max_width_last_edited=&#8221;on|tablet&#8221; custom_padding=&#8221;||10px||false|true&#8221; custom_padding_tablet=&#8221;|5px||5px|false|true&#8221; custom_padding_phone=&#8221;&#8221; custom_padding_last_edited=&#8221;on|phone&#8221; body_line_height_tablet=&#8221;1.6em&#8221; body_line_height_phone=&#8221;&#8221; body_line_height_last_edited=&#8221;on|phone&#8221;][et_pb_tab title=&#8221;Product Description&#8221; _builder_version=&#8221;4.6.4&#8243;]<\/p>\n<p>First responders, paramedics or anyone who is not a paramedic, learn to perform the jaw thrust manoeuvre using both hands in the Basic Life Support course. On the one hand, this is a difficult technique that requires training to perform successfully, and yet it can put the patient&#8217;s cervical spine at risk if performed manually without pre-immobilisation. On the other hand, common cervical collars can compromise the patient&#8217;s airway by preventing both professional medical personnel from intubating and Basic Life Support first responders from manually performing a jaw thrust manoeuvre.<\/p>\n<p>Lubo secures an open airway while immobilising the spine without damaging the patient&#8217;s neck. Lubo also allows for intubation if necessary, while maintaining cervical spine fixation.<\/p>\n<p>[\/et_pb_tab][et_pb_tab title=&#8221;Videos&#8221; _builder_version=&#8221;4.6.4&#8243;]<\/p>\n<p><iframe loading=\"lazy\" title=\"Instructions for Lubo Placement\" width=\"1080\" height=\"608\" src=\"https:\/\/www.youtube.com\/embed\/Uvk6qCYuHD4?feature=oembed\" frameborder=\"0\" allow=\"accelerometer; autoplay; clipboard-write; encrypted-media; gyroscope; picture-in-picture; web-share\" allowfullscreen><\/iframe><\/p>\n<p><iframe loading=\"lazy\" title=\"LUBO Airway Collar - Leading Device for Medical Emergencies\" width=\"1080\" height=\"608\" src=\"https:\/\/www.youtube.com\/embed\/Mb9tVj_lcTc?feature=oembed\" frameborder=\"0\" allow=\"accelerometer; autoplay; clipboard-write; encrypted-media; gyroscope; picture-in-picture; web-share\" allowfullscreen><\/iframe><\/p>\n<p>[\/et_pb_tab][\/et_pb_tabs][\/et_pb_column_inner][\/et_pb_row_inner][\/et_pb_column][et_pb_column type=&#8221;1_4&#8243; _builder_version=&#8221;3.25&#8243; custom_padding=&#8221;|||&#8221; custom_padding__hover=&#8221;|||&#8221;][et_pb_cta title=&#8221;Support&#8221; button_url=&#8221;@ET-DC@eyJkeW5hbWljIjp0cnVlLCJjb250ZW50IjoicG9zdF9saW5rX3VybF9wYWdlIiwic2V0dGluZ3MiOnsicG9zdF9pZCI6IjIxNyJ9fQ==@&#8221; button_text=&#8221;Click On&#8221; button_text_tablet=&#8221;Touch&#8221; button_text_phone=&#8221;Touch&#8221; button_text_last_edited=&#8221;on|phone&#8221; disabled_on=&#8221;off|off|off&#8221; _builder_version=&#8221;4.6.4&#8243; _dynamic_attributes=&#8221;button_url&#8221; _module_preset=&#8221;default&#8221; header_level=&#8221;h1&#8243; body_text_color=&#8221;#ffffff&#8221; body_line_height=&#8221;1.3em&#8221; custom_button=&#8221;on&#8221; button_text_color=&#8221;#ffffff&#8221; button_bg_color=&#8221;#73bc20&#8243; button_icon=&#8221;%%24%%&#8221; button_alignment=&#8221;center&#8221; custom_padding=&#8221;15px|15px|15px|15px|true|true&#8221; box_shadow_style=&#8221;preset3&#8243; global_module=&#8221;278907&#8243; saved_tabs=&#8221;all&#8221; locked=&#8221;off&#8221;]<\/p>\n<p>\u00dcr\u00fcnlerle ilgili daha fazla detay ve fiyat bilgisi i\u00e7in l\u00fctfen bize ula\u015f\u0131n.<\/p>\n<p>[\/et_pb_cta][\/et_pb_column][\/et_pb_section]<\/p>\n","protected":false},"excerpt":{"rendered":"<p>[et_pb_section fb_built=&#8221;1&#8243; custom_padding_last_edited=&#8221;on|desktop&#8221; admin_label=&#8221;Ba\u015fl\u0131k G\u00f6rseli&#8221; _builder_version=&#8221;4.6.4&#8243; background_image=&#8221;https:\/\/meddefense.com.tr\/wp-content\/uploads\/2021\/01\/meddefense-urunler-all.jpg&#8221; background_position=&#8221;bottom_center&#8221; custom_padding=&#8221;120px||330px||false|false&#8221; custom_padding_tablet=&#8221;||200px||false|false&#8221; custom_padding_phone=&#8221;||240px||false|false&#8221; animation_style=&#8221;fade&#8221; animation_direction=&#8221;top&#8221; background_last_edited=&#8221;off|phone&#8221; parallax_phone=&#8221;off&#8221; background_blend_phone=&#8221;normal&#8221; global_module=&#8221;279929&#8243; saved_tabs=&#8221;all&#8221;][\/et_pb_section][et_pb_section fb_built=&#8221;1&#8243; custom_padding_last_edited=&#8221;on|desktop&#8221; _builder_version=&#8221;4.4.8&#8243; background_enable_image=&#8221;off&#8221; background_size=&#8221;initial&#8221; background_position=&#8221;top_left&#8221; background_repeat=&#8221;repeat&#8221; custom_padding=&#8221;60px||0px||false|false&#8221; custom_padding_tablet=&#8221;10px||||false|false&#8221; custom_padding_phone=&#8221;&#8221;][et_pb_row custom_padding_last_edited=&#8221;on|desktop&#8221; _builder_version=&#8221;4.6.4&#8243; background_enable_image=&#8221;off&#8221; width=&#8221;100%&#8221; width_tablet=&#8221;100%&#8221; width_phone=&#8221;&#8221; width_last_edited=&#8221;on|phone&#8221; max_width=&#8221;80%&#8221; max_width_tablet=&#8221;80%&#8221; max_width_phone=&#8221;&#8221; max_width_last_edited=&#8221;on|phone&#8221; custom_padding=&#8221;0px||||false|false&#8221; custom_padding_tablet=&#8221;20px||5px||false|false&#8221; custom_padding_phone=&#8221;20px||5px||false|false&#8221;][et_pb_column type=&#8221;4_4&#8243; _builder_version=&#8221;4.4.8&#8243;][et_pb_text _builder_version=&#8221;4.6.4&#8243; _module_preset=&#8221;default&#8221; background_enable_color=&#8221;off&#8221;] Lubo Airline Management System [\/et_pb_text][\/et_pb_column][\/et_pb_row][et_pb_row _builder_version=&#8221;4.4.8&#8243; custom_padding=&#8221;0px||0px||false|false&#8221;][et_pb_column type=&#8221;4_4&#8243; [&hellip;]<\/p>\n","protected":false},"author":1,"featured_media":0,"parent":0,"menu_order":0,"comment_status":"closed","ping_status":"closed","template":"","meta":{"_et_pb_use_builder":"on","_et_pb_old_content":"","_et_gb_content_width":"","footnotes":""},"class_list":["post-281059","page","type-page","status-publish","hentry"],"_links":{"self":[{"href":"https:\/\/nettas.com.tr\/en\/wp-json\/wp\/v2\/pages\/281059","targetHints":{"allow":["GET"]}}],"collection":[{"href":"https:\/\/nettas.com.tr\/en\/wp-json\/wp\/v2\/pages"}],"about":[{"href":"https:\/\/nettas.com.tr\/en\/wp-json\/wp\/v2\/types\/page"}],"author":[{"embeddable":true,"href":"https:\/\/nettas.com.tr\/en\/wp-json\/wp\/v2\/users\/1"}],"replies":[{"embeddable":true,"href":"https:\/\/nettas.com.tr\/en\/wp-json\/wp\/v2\/comments?post=281059"}],"version-history":[{"count":0,"href":"https:\/\/nettas.com.tr\/en\/wp-json\/wp\/v2\/pages\/281059\/revisions"}],"wp:attachment":[{"href":"https:\/\/nettas.com.tr\/en\/wp-json\/wp\/v2\/media?parent=281059"}],"curies":[{"name":"wp","href":"https:\/\/api.w.org\/{rel}","templated":true}]}}