{"id":281035,"date":"2023-09-29T12:44:57","date_gmt":"2023-09-29T09:44:57","guid":{"rendered":"https:\/\/meddefense.com.tr\/burnshield-responder-kits\/"},"modified":"2023-09-29T12:44:57","modified_gmt":"2023-09-29T09:44:57","slug":"burnshield-responder-kits","status":"publish","type":"page","link":"https:\/\/nettas.com.tr\/en\/burnshield-responder-kits\/","title":{"rendered":"Burnshield Responder Kits"},"content":{"rendered":"<p>[et_pb_section fb_built=&#8221;1&#8243; custom_padding_last_edited=&#8221;on|desktop&#8221; admin_label=&#8221;Ba\u015fl\u0131k G\u00f6rseli&#8221; _builder_version=&#8221;4.6.4&#8243; background_image=&#8221;https:\/\/meddefense.com.tr\/wp-content\/uploads\/2021\/01\/meddefense-urunler-all.jpg&#8221; background_position=&#8221;bottom_center&#8221; custom_padding=&#8221;120px||330px||false|false&#8221; custom_padding_tablet=&#8221;||200px||false|false&#8221; custom_padding_phone=&#8221;||240px||false|false&#8221; animation_style=&#8221;fade&#8221; animation_direction=&#8221;top&#8221; background_last_edited=&#8221;off|phone&#8221; parallax_phone=&#8221;off&#8221; background_blend_phone=&#8221;normal&#8221; global_module=&#8221;279929&#8243; saved_tabs=&#8221;all&#8221;][\/et_pb_section][et_pb_section fb_built=&#8221;1&#8243; custom_padding_last_edited=&#8221;on|desktop&#8221; _builder_version=&#8221;4.6.4&#8243; _module_preset=&#8221;default&#8221; background_enable_color=&#8221;off&#8221; background_image=&#8221;http:\/\/www.tugrulakin.com\/meddefense\/wp-content\/uploads\/2020\/10\/meddefense-bg-1.jpg&#8221; background_size=&#8221;initial&#8221; background_position=&#8221;top_left&#8221; background_repeat=&#8221;repeat-x&#8221; custom_padding=&#8221;25px||20px||false|false&#8221; custom_padding_tablet=&#8221;15px||15px||false|false&#8221; custom_padding_phone=&#8221;20px||15px||false|false&#8221;][et_pb_row custom_padding_last_edited=&#8221;on|desktop&#8221; _builder_version=&#8221;4.6.4&#8243; _module_preset=&#8221;default&#8221; custom_padding_tablet=&#8221;5px||5px||true|false&#8221; custom_padding_phone=&#8221;1px||0px||false|false&#8221;][et_pb_column type=&#8221;4_4&#8243; _builder_version=&#8221;4.6.4&#8243; _module_preset=&#8221;default&#8221;][et_pb_text content_tablet=&#8221;<\/p>\n<h1 style=%22text-align: center;%22>Burnshield Responder Kit<\/h1>\n<p>&#8221; content_phone=&#8221;<\/p>\n<h1 style=%22text-align: center;%22>Burnshield Responder Kit<\/h1>\n<p>&#8221; content_last_edited=&#8221;on|phone&#8221; _builder_version=&#8221;4.6.4&#8243; _module_preset=&#8221;default&#8221; header_font=&#8221;||||||||&#8221; header_text_color=&#8221;#000000&#8243; header_2_font=&#8221;||||||||&#8221; header_2_text_color=&#8221;#000000&#8243; background_enable_color=&#8221;off&#8221; custom_margin=&#8221;0px||0px||false|false&#8221; custom_padding=&#8221;0px||0px||false|false&#8221; header_font_size_tablet=&#8221;35px&#8221; header_font_size_phone=&#8221;25px&#8221; header_font_size_last_edited=&#8221;on|phone&#8221;]<\/p>\n<h1>Burnshield Responder Kit<\/h1>\n<p>[\/et_pb_text][\/et_pb_column][\/et_pb_row][\/et_pb_section][et_pb_section fb_built=&#8221;1&#8243; custom_padding_last_edited=&#8221;on|phone&#8221; _builder_version=&#8221;4.6.4&#8243; _module_preset=&#8221;default&#8221; custom_padding=&#8221;0px||0px|||&#8221; custom_padding_tablet=&#8221;&#8221; custom_padding_phone=&#8221;&#8221;][et_pb_row _builder_version=&#8221;4.6.4&#8243; _module_preset=&#8221;default&#8221;][et_pb_column type=&#8221;4_4&#8243; _builder_version=&#8221;4.6.4&#8243; _module_preset=&#8221;default&#8221;][et_pb_text _builder_version=&#8221;4.6.4&#8243; _module_preset=&#8221;default&#8221; background_enable_color=&#8221;off&#8221; hover_enabled=&#8221;0&#8243; link_option_url=&#8221;@ET-DC@eyJkeW5hbWljIjp0cnVlLCJjb250ZW50IjoicG9zdF9saW5rX3VybF9wYWdlIiwic2V0dGluZ3MiOnsicG9zdF9pZCI6IjI3NzkxNiJ9fQ==@&#8221; _dynamic_attributes=&#8221;link_option_url&#8221; sticky_enabled=&#8221;0&#8243;]<\/p>\n<p><span style=\"color: #ff0000;\"><strong>&lt;&lt; Burnshield<\/strong><\/span><\/p>\n<p>[\/et_pb_text][\/et_pb_column][\/et_pb_row][\/et_pb_section][et_pb_section fb_built=&#8221;1&#8243; specialty=&#8221;on&#8221; custom_padding_last_edited=&#8221;on|phone&#8221; admin_label=&#8221;\u00dcr\u00fcn G\u00f6rselleri ve Yan Men\u00fc&#8221; _builder_version=&#8221;4.6.4&#8243; _module_preset=&#8221;default&#8221; inner_module_alignment=&#8221;center&#8221; custom_padding=&#8221;50px||60px||false|false&#8221; custom_padding_tablet=&#8221;0px||||false|false&#8221; custom_padding_phone=&#8221;0px||||false|false&#8221;][et_pb_column type=&#8221;3_4&#8243; specialty_columns=&#8221;3&#8243; _builder_version=&#8221;3.25&#8243; custom_padding=&#8221;|||&#8221; custom_padding__hover=&#8221;|||&#8221;][et_pb_row_inner column_structure=&#8221;1_3,1_3,1_3&#8243; _builder_version=&#8221;4.6.4&#8243; _module_preset=&#8221;default&#8221; background_color=&#8221;rgba(0,0,0,0)&#8221; custom_margin=&#8221;||||false|false&#8221; custom_padding=&#8221;0px||||false|false&#8221;][et_pb_column_inner type=&#8221;1_3&#8243; saved_specialty_column_type=&#8221;3_4&#8243; _builder_version=&#8221;4.6.4&#8243; _module_preset=&#8221;default&#8221;][et_pb_image src=&#8221;https:\/\/meddefense.com.tr\/wp-content\/uploads\/2020\/12\/meddefense-burnshield-responder-kit-1.jpg&#8221; show_in_lightbox=&#8221;on&#8221; use_overlay=&#8221;on&#8221; overlay_icon_color=&#8221;#e02b20&#8243; hover_icon=&#8221;%%200%%&#8221; _builder_version=&#8221;4.6.4&#8243; _module_preset=&#8221;default&#8221; custom_margin=&#8221;||0px||false|false&#8221;][\/et_pb_image][\/et_pb_column_inner][et_pb_column_inner type=&#8221;1_3&#8243; saved_specialty_column_type=&#8221;3_4&#8243; _builder_version=&#8221;4.6.4&#8243; _module_preset=&#8221;default&#8221;][et_pb_image src=&#8221;https:\/\/meddefense.com.tr\/wp-content\/uploads\/2020\/12\/meddefense-burnshield-responder-kit-2.jpg&#8221; show_in_lightbox=&#8221;on&#8221; use_overlay=&#8221;on&#8221; overlay_icon_color=&#8221;#e02b20&#8243; hover_icon=&#8221;%%200%%&#8221; _builder_version=&#8221;4.6.4&#8243; _module_preset=&#8221;default&#8221; custom_margin=&#8221;||0px||false|false&#8221;][\/et_pb_image][\/et_pb_column_inner][et_pb_column_inner type=&#8221;1_3&#8243; saved_specialty_column_type=&#8221;3_4&#8243; _builder_version=&#8221;4.6.4&#8243; _module_preset=&#8221;default&#8221;][et_pb_image src=&#8221;https:\/\/meddefense.com.tr\/wp-content\/uploads\/2020\/12\/meddefense-burnshield-responder-kit-3.jpg&#8221; show_in_lightbox=&#8221;on&#8221; use_overlay=&#8221;on&#8221; overlay_icon_color=&#8221;#e02b20&#8243; hover_icon=&#8221;%%200%%&#8221; _builder_version=&#8221;4.6.4&#8243; _module_preset=&#8221;default&#8221; custom_margin=&#8221;||0px||false|false&#8221;][\/et_pb_image][\/et_pb_column_inner][\/et_pb_row_inner][et_pb_row_inner column_structure=&#8221;1_2,1_2&#8243; _builder_version=&#8221;4.6.4&#8243; _module_preset=&#8221;default&#8221; custom_padding=&#8221;||0px|||&#8221;][et_pb_column_inner type=&#8221;1_2&#8243; saved_specialty_column_type=&#8221;3_4&#8243; _builder_version=&#8221;4.6.4&#8243; _module_preset=&#8221;default&#8221;][et_pb_text _builder_version=&#8221;4.6.4&#8243; _module_preset=&#8221;default&#8221; background_enable_color=&#8221;off&#8221;]<\/p>\n<h3> Bag Contents <\/h3>\n<ul>\n<li>8 pieces of 10 cm x 10 cm <\/li>\n<li>3 pieces of 20 cm x 20 cm <\/li>\n<li>2 pieces of 60 cm x 40 cm <\/li>\n<li>3 pieces of 25 mm x 0.5 m <\/li>\n<li>2 thin strips of 50 mm x 1 m <\/li>\n<li>125 ml spray 3 pieces <\/li>\n<li> Springe 20 ml 1 piece <\/li>\n<li> Gloves 2 pairs <\/li>\n<li> Elastic bandage 2 pcs. <\/li>\n<li> Soft bandage 4 pieces <\/li>\n<li> Aluminium blanket 1 piece <\/li>\n<li> Trauma scissors 1 piece <\/li>\n<li> A bag to keep the above in <\/li>\n<\/ul>\n<p>[\/et_pb_text][\/et_pb_column_inner][et_pb_column_inner type=&#8221;1_2&#8243; saved_specialty_column_type=&#8221;3_4&#8243; _builder_version=&#8221;4.6.4&#8243; _module_preset=&#8221;default&#8221;][et_pb_text _builder_version=&#8221;4.6.4&#8243; _module_preset=&#8221;default&#8221; background_enable_color=&#8221;off&#8221;]<\/p>\n<p><span style=\"color: #ff0000;\"><strong> Bag content and size can be adjusted according to demand. <\/strong><\/span><\/p>\n<p><strong><span style=\"color: #e02b20;\"> Used safely with 1st degree, 2nd degree and 3rd degree burns.<\/span><\/strong><\/p>\n<p>&nbsp;<\/p>\n<p>[\/et_pb_text][\/et_pb_column_inner][\/et_pb_row_inner][\/et_pb_column][et_pb_column type=&#8221;1_4&#8243; _builder_version=&#8221;3.25&#8243; custom_padding=&#8221;|||&#8221; custom_padding__hover=&#8221;|||&#8221;][et_pb_cta title=&#8221;Support&#8221; button_url=&#8221;@ET-DC@eyJkeW5hbWljIjp0cnVlLCJjb250ZW50IjoicG9zdF9saW5rX3VybF9wYWdlIiwic2V0dGluZ3MiOnsicG9zdF9pZCI6IjIxNyJ9fQ==@&#8221; button_text=&#8221;Click On&#8221; button_text_tablet=&#8221;Touch&#8221; button_text_phone=&#8221;Touch&#8221; button_text_last_edited=&#8221;on|phone&#8221; disabled_on=&#8221;off|off|off&#8221; _builder_version=&#8221;4.6.4&#8243; _dynamic_attributes=&#8221;button_url&#8221; _module_preset=&#8221;default&#8221; header_level=&#8221;h1&#8243; body_text_color=&#8221;#ffffff&#8221; body_line_height=&#8221;1.3em&#8221; custom_button=&#8221;on&#8221; button_text_color=&#8221;#ffffff&#8221; button_bg_color=&#8221;#73bc20&#8243; button_icon=&#8221;%%24%%&#8221; button_alignment=&#8221;center&#8221; custom_padding=&#8221;15px|15px|15px|15px|true|true&#8221; box_shadow_style=&#8221;preset3&#8243; global_module=&#8221;278907&#8243; saved_tabs=&#8221;all&#8221; locked=&#8221;off&#8221;]<\/p>\n<p>\u00dcr\u00fcnlerle ilgili daha fazla detay ve fiyat bilgisi i\u00e7in l\u00fctfen bize ula\u015f\u0131n.<\/p>\n<p>[\/et_pb_cta][et_pb_sidebar area=&#8221;et_pb_widget_area_1&#8243; disabled_on=&#8221;off|off|off&#8221; _builder_version=&#8221;4.6.4&#8243; _module_preset=&#8221;default&#8221; header_font_size=&#8221;22px&#8221; body_font=&#8221;||||||||&#8221; background_color=&#8221;#f9f9f9&#8243; custom_padding=&#8221;15px|15px|15px|15px|true|true&#8221; border_color_all=&#8221;rgba(0,0,0,0)&#8221;][\/et_pb_sidebar][\/et_pb_column][\/et_pb_section]<\/p>\n","protected":false},"excerpt":{"rendered":"<p>[et_pb_section fb_built=&#8221;1&#8243; custom_padding_last_edited=&#8221;on|desktop&#8221; admin_label=&#8221;Ba\u015fl\u0131k G\u00f6rseli&#8221; _builder_version=&#8221;4.6.4&#8243; background_image=&#8221;https:\/\/meddefense.com.tr\/wp-content\/uploads\/2021\/01\/meddefense-urunler-all.jpg&#8221; background_position=&#8221;bottom_center&#8221; custom_padding=&#8221;120px||330px||false|false&#8221; custom_padding_tablet=&#8221;||200px||false|false&#8221; custom_padding_phone=&#8221;||240px||false|false&#8221; animation_style=&#8221;fade&#8221; animation_direction=&#8221;top&#8221; background_last_edited=&#8221;off|phone&#8221; parallax_phone=&#8221;off&#8221; background_blend_phone=&#8221;normal&#8221; global_module=&#8221;279929&#8243; saved_tabs=&#8221;all&#8221;][\/et_pb_section][et_pb_section fb_built=&#8221;1&#8243; custom_padding_last_edited=&#8221;on|desktop&#8221; _builder_version=&#8221;4.6.4&#8243; _module_preset=&#8221;default&#8221; background_enable_color=&#8221;off&#8221; background_image=&#8221;http:\/\/www.tugrulakin.com\/meddefense\/wp-content\/uploads\/2020\/10\/meddefense-bg-1.jpg&#8221; background_size=&#8221;initial&#8221; background_position=&#8221;top_left&#8221; background_repeat=&#8221;repeat-x&#8221; custom_padding=&#8221;25px||20px||false|false&#8221; custom_padding_tablet=&#8221;15px||15px||false|false&#8221; custom_padding_phone=&#8221;20px||15px||false|false&#8221;][et_pb_row custom_padding_last_edited=&#8221;on|desktop&#8221; _builder_version=&#8221;4.6.4&#8243; _module_preset=&#8221;default&#8221; custom_padding_tablet=&#8221;5px||5px||true|false&#8221; custom_padding_phone=&#8221;1px||0px||false|false&#8221;][et_pb_column type=&#8221;4_4&#8243; _builder_version=&#8221;4.6.4&#8243; _module_preset=&#8221;default&#8221;][et_pb_text content_tablet=&#8221; Burnshield Responder Kit &#8221; content_phone=&#8221; Burnshield Responder Kit &#8221; content_last_edited=&#8221;on|phone&#8221; _builder_version=&#8221;4.6.4&#8243; _module_preset=&#8221;default&#8221; header_font=&#8221;||||||||&#8221; header_text_color=&#8221;#000000&#8243; header_2_font=&#8221;||||||||&#8221; header_2_text_color=&#8221;#000000&#8243; [&hellip;]<\/p>\n","protected":false},"author":1,"featured_media":0,"parent":0,"menu_order":0,"comment_status":"closed","ping_status":"closed","template":"","meta":{"_et_pb_use_builder":"on","_et_pb_old_content":"","_et_gb_content_width":"","footnotes":""},"class_list":["post-281035","page","type-page","status-publish","hentry"],"_links":{"self":[{"href":"https:\/\/nettas.com.tr\/en\/wp-json\/wp\/v2\/pages\/281035","targetHints":{"allow":["GET"]}}],"collection":[{"href":"https:\/\/nettas.com.tr\/en\/wp-json\/wp\/v2\/pages"}],"about":[{"href":"https:\/\/nettas.com.tr\/en\/wp-json\/wp\/v2\/types\/page"}],"author":[{"embeddable":true,"href":"https:\/\/nettas.com.tr\/en\/wp-json\/wp\/v2\/users\/1"}],"replies":[{"embeddable":true,"href":"https:\/\/nettas.com.tr\/en\/wp-json\/wp\/v2\/comments?post=281035"}],"version-history":[{"count":0,"href":"https:\/\/nettas.com.tr\/en\/wp-json\/wp\/v2\/pages\/281035\/revisions"}],"wp:attachment":[{"href":"https:\/\/nettas.com.tr\/en\/wp-json\/wp\/v2\/media?parent=281035"}],"curies":[{"name":"wp","href":"https:\/\/api.w.org\/{rel}","templated":true}]}}