{"id":280909,"date":"2023-09-10T14:18:22","date_gmt":"2023-09-10T11:18:22","guid":{"rendered":"https:\/\/meddefense.com.tr\/products\/"},"modified":"2023-09-10T14:18:22","modified_gmt":"2023-09-10T11:18:22","slug":"products","status":"publish","type":"page","link":"https:\/\/nettas.com.tr\/en\/products\/","title":{"rendered":"Products"},"content":{"rendered":"<p>[et_pb_section fb_built=&#8221;1&#8243; custom_padding_last_edited=&#8221;on|desktop&#8221; admin_label=&#8221;Ba\u015fl\u0131k G\u00f6rseli&#8221; _builder_version=&#8221;4.6.4&#8243; background_image=&#8221;https:\/\/meddefense.com.tr\/wp-content\/uploads\/2021\/02\/meddefense-urunler-all.jpg&#8221; background_position=&#8221;bottom_center&#8221; custom_padding=&#8221;120px||330px||false|false&#8221; custom_padding_tablet=&#8221;||200px||false|false&#8221; custom_padding_phone=&#8221;||240px||false|false&#8221; animation_style=&#8221;fade&#8221; animation_direction=&#8221;top&#8221; background_last_edited=&#8221;off|phone&#8221; parallax_phone=&#8221;off&#8221; background_blend_phone=&#8221;normal&#8221; saved_tabs=&#8221;all&#8221;][\/et_pb_section][et_pb_section fb_built=&#8221;1&#8243; custom_padding_last_edited=&#8221;on|phone&#8221; _builder_version=&#8221;4.6.4&#8243; _module_preset=&#8221;default&#8221; custom_padding=&#8221;80px||60px||false|false&#8221; custom_padding_tablet=&#8221;60px||30px||false|false&#8221; custom_padding_phone=&#8221;30px||0px||false|false&#8221;][et_pb_row custom_padding_last_edited=&#8221;on|phone&#8221; _builder_version=&#8221;4.6.4&#8243; width=&#8221;100%&#8221; max_width=&#8221;80%&#8221; custom_padding=&#8221;0px||40px||false|false&#8221; custom_padding_tablet=&#8221;||15px||false|false&#8221; custom_padding_phone=&#8221;||10px||false|false&#8221;][et_pb_column type=&#8221;4_4&#8243; _builder_version=&#8221;4.4.8&#8243;][et_pb_text _builder_version=&#8221;4.6.4&#8243; header_font=&#8221;Fira Sans Extra Condensed Medium||||||||&#8221; header_font_size=&#8221;40px&#8221; header_letter_spacing=&#8221;1px&#8221; header_2_font=&#8221;||||||||&#8221; background_color=&#8221;#6d6d6d&#8221; background_enable_color=&#8221;off&#8221; header_font_size_tablet=&#8221;30px&#8221; header_font_size_phone=&#8221;25px&#8221; header_font_size_last_edited=&#8221;on|desktop&#8221; header_letter_spacing_tablet=&#8221;0px&#8221; header_letter_spacing_phone=&#8221;&#8221; header_letter_spacing_last_edited=&#8221;on|desktop&#8221;]<\/p>\n<h1><strong>Emergency Medicine Trauma Technologies<\/strong><\/h1>\n<p>[\/et_pb_text][\/et_pb_column][\/et_pb_row][et_pb_row column_structure=&#8221;1_4,1_4,1_4,1_4&#8243; _builder_version=&#8221;4.6.4&#8243; _module_preset=&#8221;default&#8221; width=&#8221;100%&#8221; max_width=&#8221;80%&#8221;][et_pb_column type=&#8221;1_4&#8243; _builder_version=&#8221;4.6.4&#8243; _module_preset=&#8221;default&#8221;][et_pb_blurb title=&#8221;BURNSHIELD BURNCARE DRESSING, HYDROGEL AND FIRE-TRAUMA BLANKETS&#8221; url=&#8221;@ET-DC@eyJkeW5hbWljIjp0cnVlLCJjb250ZW50IjoicG9zdF9saW5rX3VybF9wYWdlIiwic2V0dGluZ3MiOnsicG9zdF9pZCI6IjI3NzkxNiJ9fQ==@&#8221; image=&#8221;https:\/\/meddefense.com.tr\/wp-content\/uploads\/2021\/02\/burnshield.png&#8221; alt=&#8221;Burnshield burncare dressing, hydrogel and fire\/trauma blanket&#8221; _builder_version=&#8221;4.6.4&#8243; _dynamic_attributes=&#8221;url,link_option_url&#8221; header_text_color=&#8221;#ffffff&#8221; header_font_size=&#8221;24px&#8221; background_color=&#8221;#e02b20&#8243; min_height=&#8221;385px&#8221; height=&#8221;390px&#8221; custom_padding=&#8221;10px|10px|10px|10px|false|true&#8221; link_option_url=&#8221;@ET-DC@eyJkeW5hbWljIjp0cnVlLCJjb250ZW50IjoicG9zdF9saW5rX3VybF9wYWdlIiwic2V0dGluZ3MiOnsicG9zdF9pZCI6IjI3NzkxNiJ9fQ==@&#8221; hover_enabled=&#8221;0&#8243; border_width_all=&#8221;5px&#8221; border_color_all=&#8221;#ffffff&#8221; sticky_enabled=&#8221;0&#8243;][\/et_pb_blurb][et_pb_blurb title=&#8221;SAM MEDICAL PRODUCTS&#8221; url=&#8221;@ET-DC@eyJkeW5hbWljIjp0cnVlLCJjb250ZW50IjoicG9zdF9saW5rX3VybF9wYWdlIiwic2V0dGluZ3MiOnsicG9zdF9pZCI6IjI3ODYzMiJ9fQ==@&#8221; image=&#8221;https:\/\/meddefense.com.tr\/wp-content\/uploads\/2021\/02\/sam.png&#8221; alt=&#8221;SAM&#8221; _builder_version=&#8221;4.6.4&#8243; _dynamic_attributes=&#8221;url,link_option_url&#8221; header_text_color=&#8221;#ffffff&#8221; header_font_size=&#8221;24px&#8221; background_color=&#8221;#000000&#8243; min_height=&#8221;385px&#8221; height=&#8221;390px&#8221; custom_padding=&#8221;0px|10px|10px|10px|false|true&#8221; link_option_url=&#8221;@ET-DC@eyJkeW5hbWljIjp0cnVlLCJjb250ZW50IjoicG9zdF9saW5rX3VybF9wYWdlIiwic2V0dGluZ3MiOnsicG9zdF9pZCI6IjI3ODYzMiJ9fQ==@&#8221; border_width_all=&#8221;5px&#8221; border_color_all=&#8221;#ffffff&#8221;][\/et_pb_blurb][\/et_pb_column][et_pb_column type=&#8221;1_4&#8243; _builder_version=&#8221;4.6.4&#8243; _module_preset=&#8221;default&#8221;][et_pb_blurb title=&#8221;CELOX HAEMOSTATIC BLEEDING AGENT&#8221; url=&#8221;@ET-DC@eyJkeW5hbWljIjp0cnVlLCJjb250ZW50IjoicG9zdF9saW5rX3VybF9wYWdlIiwic2V0dGluZ3MiOnsicG9zdF9pZCI6IjI3NzAzMiJ9fQ==@&#8221; image=&#8221;https:\/\/meddefense.com.tr\/wp-content\/uploads\/2021\/02\/celox.png&#8221; alt=&#8221;celox&#8221; _builder_version=&#8221;4.6.4&#8243; _dynamic_attributes=&#8221;link_option_url,url&#8221; header_text_color=&#8221;#ffffff&#8221; header_font_size=&#8221;24px&#8221; background_color=&#8221;#000000&#8243; module_alignment=&#8221;center&#8221; min_height=&#8221;385px&#8221; height=&#8221;390px&#8221; custom_padding=&#8221;10px|10px|10px|10px|false|true&#8221; link_option_url=&#8221;@ET-DC@eyJkeW5hbWljIjp0cnVlLCJjb250ZW50IjoicG9zdF9saW5rX3VybF9wYWdlIiwic2V0dGluZ3MiOnsicG9zdF9pZCI6IjI3NzAzMiJ9fQ==@&#8221; border_width_all=&#8221;5px&#8221; border_color_all=&#8221;#ffffff&#8221;][\/et_pb_blurb][et_pb_blurb title=&#8221;FOXSEAL CHEST SEAL&#8221; url=&#8221;@ET-DC@eyJkeW5hbWljIjp0cnVlLCJjb250ZW50IjoicG9zdF9saW5rX3VybF9wYWdlIiwic2V0dGluZ3MiOnsicG9zdF9pZCI6IjI4MDIxNiJ9fQ==@&#8221; image=&#8221;https:\/\/meddefense.com.tr\/wp-content\/uploads\/2021\/02\/foxseal.png&#8221; alt=&#8221;foxseal&#8221; _builder_version=&#8221;4.6.4&#8243; _dynamic_attributes=&#8221;url,link_option_url&#8221; header_text_color=&#8221;#ffffff&#8221; header_font_size=&#8221;24px&#8221; background_color=&#8221;#ecc309&#8243; min_height=&#8221;385px&#8221; height=&#8221;390px&#8221; custom_padding=&#8221;0px|10px|10px|10px|false|true&#8221; link_option_url=&#8221;@ET-DC@eyJkeW5hbWljIjp0cnVlLCJjb250ZW50IjoicG9zdF9saW5rX3VybF9wYWdlIiwic2V0dGluZ3MiOnsicG9zdF9pZCI6IjI4MDIxNiJ9fQ==@&#8221; border_width_all=&#8221;5px&#8221; border_color_all=&#8221;#ffffff&#8221;][\/et_pb_blurb][\/et_pb_column][et_pb_column type=&#8221;1_4&#8243; _builder_version=&#8221;4.6.4&#8243; _module_preset=&#8221;default&#8221;][et_pb_blurb title=&#8221;ISRAELI EMERGENCY BANDAGE&#8221; url=&#8221;@ET-DC@eyJkeW5hbWljIjp0cnVlLCJjb250ZW50IjoicG9zdF9saW5rX3VybF9wYWdlIiwic2V0dGluZ3MiOnsicG9zdF9pZCI6IjI3ODg5NyJ9fQ==@&#8221; image=&#8221;https:\/\/meddefense.com.tr\/wp-content\/uploads\/2021\/02\/fcp.png&#8221; alt=&#8221;israeli emergency bandage&#8221; _builder_version=&#8221;4.6.4&#8243; _dynamic_attributes=&#8221;url,link_option_url&#8221; header_text_color=&#8221;#ffffff&#8221; header_font_size=&#8221;24px&#8221; background_color=&#8221;#ca2430&#8243; min_height=&#8221;385px&#8221; height=&#8221;390px&#8221; custom_padding=&#8221;10px|10px|10px|10px|false|true&#8221; link_option_url=&#8221;@ET-DC@eyJkeW5hbWljIjp0cnVlLCJjb250ZW50IjoicG9zdF9saW5rX3VybF9wYWdlIiwic2V0dGluZ3MiOnsicG9zdF9pZCI6IjI3ODg5NyJ9fQ==@&#8221; border_width_all=&#8221;5px&#8221; border_color_all=&#8221;#ffffff&#8221;][\/et_pb_blurb][et_pb_blurb title=&#8221;LUBO AIRWAY MANAGEMENT SYSTEM&#8221; url=&#8221;@ET-DC@eyJkeW5hbWljIjp0cnVlLCJjb250ZW50IjoicG9zdF9saW5rX3VybF9wYWdlIiwic2V0dGluZ3MiOnsicG9zdF9pZCI6IjI3ODYzOSJ9fQ==@&#8221; image=&#8221;https:\/\/meddefense.com.tr\/wp-content\/uploads\/2021\/02\/lubo.png&#8221; alt=&#8221;Lubo airway management system&#8221; _builder_version=&#8221;4.6.4&#8243; _dynamic_attributes=&#8221;url,link_option_url&#8221; header_text_color=&#8221;#ffffff&#8221; header_font_size=&#8221;24px&#8221; background_color=&#8221;#df5f26&#8243; min_height=&#8221;385px&#8221; height=&#8221;390px&#8221; custom_padding=&#8221;0px|10px|10px|10px|false|true&#8221; link_option_url=&#8221;@ET-DC@eyJkeW5hbWljIjp0cnVlLCJjb250ZW50IjoicG9zdF9saW5rX3VybF9wYWdlIiwic2V0dGluZ3MiOnsicG9zdF9pZCI6IjI3ODYzOSJ9fQ==@&#8221; border_width_all=&#8221;5px&#8221; border_color_all=&#8221;#ffffff&#8221;][\/et_pb_blurb][\/et_pb_column][et_pb_column type=&#8221;1_4&#8243; _builder_version=&#8221;4.6.4&#8243; _module_preset=&#8221;default&#8221;][et_pb_blurb title=&#8221;CAT HEMOSTATIC TOURNIQUET&#8221; url=&#8221;@ET-DC@eyJkeW5hbWljIjp0cnVlLCJjb250ZW50IjoicG9zdF9saW5rX3VybF9wYWdlIiwic2V0dGluZ3MiOnsicG9zdF9pZCI6IjI3ODAwNyJ9fQ==@&#8221; image=&#8221;https:\/\/meddefense.com.tr\/wp-content\/uploads\/2021\/02\/cat.png&#8221; alt=&#8221;cat-hemostatic-tourniquet&#8221; _builder_version=&#8221;4.6.4&#8243; _dynamic_attributes=&#8221;link_option_url,url&#8221; header_text_color=&#8221;#ffffff&#8221; header_font_size=&#8221;24px&#8221; background_color=&#8221;#3a3a3c&#8221; min_height=&#8221;385px&#8221; height=&#8221;390px&#8221; custom_padding=&#8221;10px|10px|10px|10px|false|true&#8221; link_option_url=&#8221;@ET-DC@eyJkeW5hbWljIjp0cnVlLCJjb250ZW50IjoicG9zdF9saW5rX3VybF9wYWdlIiwic2V0dGluZ3MiOnsicG9zdF9pZCI6IjI3ODAwNyJ9fQ==@&#8221; border_width_all=&#8221;5px&#8221; border_color_all=&#8221;#ffffff&#8221;][\/et_pb_blurb][et_pb_blurb title=&#8221;OTHER PRODUCTS&#8221; url=&#8221;@ET-DC@eyJkeW5hbWljIjp0cnVlLCJjb250ZW50IjoicG9zdF9saW5rX3VybF9wYWdlIiwic2V0dGluZ3MiOnsicG9zdF9pZCI6IjI3ODY0MyJ9fQ==@&#8221; image=&#8221;https:\/\/meddefense.com.tr\/wp-content\/uploads\/2021\/02\/medic.png&#8221; alt=&#8221;foxseal&#8221; _builder_version=&#8221;4.6.4&#8243; _dynamic_attributes=&#8221;url,link_option_url&#8221; header_text_color=&#8221;#ffffff&#8221; header_font_size=&#8221;24px&#8221; background_color=&#8221;#e70616&#8243; min_height=&#8221;385px&#8221; height=&#8221;390px&#8221; custom_padding=&#8221;0px|10px|10px|10px|false|true&#8221; link_option_url=&#8221;@ET-DC@eyJkeW5hbWljIjp0cnVlLCJjb250ZW50IjoicG9zdF9saW5rX3VybF9wYWdlIiwic2V0dGluZ3MiOnsicG9zdF9pZCI6IjI3ODY0MyJ9fQ==@&#8221; border_width_all=&#8221;5px&#8221; border_color_all=&#8221;#ffffff&#8221;][\/et_pb_blurb][\/et_pb_column][\/et_pb_row][\/et_pb_section][et_pb_section fb_built=&#8221;1&#8243; custom_padding_last_edited=&#8221;on|phone&#8221; _builder_version=&#8221;4.6.4&#8243; _module_preset=&#8221;default&#8221; background_image=&#8221;https:\/\/meddefense.com.tr\/wp-content\/uploads\/2020\/10\/meddefense-bg-1.jpg&#8221; background_size=&#8221;initial&#8221; background_repeat=&#8221;repeat&#8221; custom_padding=&#8221;19px||19px||true|false&#8221; custom_padding_tablet=&#8221;0px||20px||false|false&#8221; custom_padding_phone=&#8221;&#8221;][et_pb_row _builder_version=&#8221;4.6.4&#8243; _module_preset=&#8221;default&#8221; width=&#8221;100%&#8221; max_width=&#8221;80%&#8221;][et_pb_column type=&#8221;4_4&#8243; _builder_version=&#8221;4.6.4&#8243; _module_preset=&#8221;default&#8221;][et_pb_text _builder_version=&#8221;4.6.4&#8243; _module_preset=&#8221;default&#8221; background_color=&#8221;#6d6d6d&#8221; background_enable_color=&#8221;off&#8221;]<\/p>\n<p><strong>By closely following international R&#038;D studies; we represent the best brands that have made a name for themselves in their fields regarding proven, life-saving emergency medicine trauma technologies &#8211; in order to save more human lives. Our products are used by TAF, 112, UMKE, civil defence units, emergency response units and surgical response units of our hospitals.<\/strong><\/p>\n<p><strong>Many of our products are included in the compulsory material list of the above-mentioned units.<\/strong><\/p>\n<p>[\/et_pb_text][\/et_pb_column][\/et_pb_row][\/et_pb_section]<\/p>\n","protected":false},"excerpt":{"rendered":"<p>[et_pb_section fb_built=&#8221;1&#8243; custom_padding_last_edited=&#8221;on|desktop&#8221; admin_label=&#8221;Ba\u015fl\u0131k G\u00f6rseli&#8221; _builder_version=&#8221;4.6.4&#8243; background_image=&#8221;https:\/\/meddefense.com.tr\/wp-content\/uploads\/2021\/02\/meddefense-urunler-all.jpg&#8221; background_position=&#8221;bottom_center&#8221; custom_padding=&#8221;120px||330px||false|false&#8221; custom_padding_tablet=&#8221;||200px||false|false&#8221; custom_padding_phone=&#8221;||240px||false|false&#8221; animation_style=&#8221;fade&#8221; animation_direction=&#8221;top&#8221; background_last_edited=&#8221;off|phone&#8221; parallax_phone=&#8221;off&#8221; background_blend_phone=&#8221;normal&#8221; saved_tabs=&#8221;all&#8221;][\/et_pb_section][et_pb_section fb_built=&#8221;1&#8243; custom_padding_last_edited=&#8221;on|phone&#8221; _builder_version=&#8221;4.6.4&#8243; _module_preset=&#8221;default&#8221; custom_padding=&#8221;80px||60px||false|false&#8221; custom_padding_tablet=&#8221;60px||30px||false|false&#8221; custom_padding_phone=&#8221;30px||0px||false|false&#8221;][et_pb_row custom_padding_last_edited=&#8221;on|phone&#8221; _builder_version=&#8221;4.6.4&#8243; width=&#8221;100%&#8221; max_width=&#8221;80%&#8221; custom_padding=&#8221;0px||40px||false|false&#8221; custom_padding_tablet=&#8221;||15px||false|false&#8221; custom_padding_phone=&#8221;||10px||false|false&#8221;][et_pb_column type=&#8221;4_4&#8243; _builder_version=&#8221;4.4.8&#8243;][et_pb_text _builder_version=&#8221;4.6.4&#8243; header_font=&#8221;Fira Sans Extra Condensed Medium||||||||&#8221; header_font_size=&#8221;40px&#8221; header_letter_spacing=&#8221;1px&#8221; header_2_font=&#8221;||||||||&#8221; background_color=&#8221;#6d6d6d&#8221; background_enable_color=&#8221;off&#8221; header_font_size_tablet=&#8221;30px&#8221; header_font_size_phone=&#8221;25px&#8221; header_font_size_last_edited=&#8221;on|desktop&#8221; header_letter_spacing_tablet=&#8221;0px&#8221; header_letter_spacing_phone=&#8221;&#8221; header_letter_spacing_last_edited=&#8221;on|desktop&#8221;] Emergency Medicine Trauma Technologies [\/et_pb_text][\/et_pb_column][\/et_pb_row][et_pb_row [&hellip;]<\/p>\n","protected":false},"author":1,"featured_media":0,"parent":0,"menu_order":0,"comment_status":"closed","ping_status":"closed","template":"","meta":{"_et_pb_use_builder":"on","_et_pb_old_content":"","_et_gb_content_width":"","footnotes":""},"class_list":["post-280909","page","type-page","status-publish","hentry"],"_links":{"self":[{"href":"https:\/\/nettas.com.tr\/en\/wp-json\/wp\/v2\/pages\/280909","targetHints":{"allow":["GET"]}}],"collection":[{"href":"https:\/\/nettas.com.tr\/en\/wp-json\/wp\/v2\/pages"}],"about":[{"href":"https:\/\/nettas.com.tr\/en\/wp-json\/wp\/v2\/types\/page"}],"author":[{"embeddable":true,"href":"https:\/\/nettas.com.tr\/en\/wp-json\/wp\/v2\/users\/1"}],"replies":[{"embeddable":true,"href":"https:\/\/nettas.com.tr\/en\/wp-json\/wp\/v2\/comments?post=280909"}],"version-history":[{"count":0,"href":"https:\/\/nettas.com.tr\/en\/wp-json\/wp\/v2\/pages\/280909\/revisions"}],"wp:attachment":[{"href":"https:\/\/nettas.com.tr\/en\/wp-json\/wp\/v2\/media?parent=280909"}],"curies":[{"name":"wp","href":"https:\/\/api.w.org\/{rel}","templated":true}]}}