{"id":280900,"date":"2023-09-10T14:02:41","date_gmt":"2023-09-10T11:02:41","guid":{"rendered":"https:\/\/meddefense.com.tr\/about-us\/"},"modified":"2023-10-07T17:16:20","modified_gmt":"2023-10-07T14:16:20","slug":"about-us","status":"publish","type":"page","link":"https:\/\/nettas.com.tr\/en\/about-us\/","title":{"rendered":"About Us"},"content":{"rendered":"<p>[et_pb_section fb_built=&#8221;1&#8243; custom_padding_last_edited=&#8221;on|desktop&#8221; admin_label=&#8221;Ba\u015fl\u0131k G\u00f6rseli&#8221; _builder_version=&#8221;4.6.4&#8243; background_image=&#8221;https:\/\/meddefense.com.tr\/wp-content\/uploads\/2021\/02\/meddefense-hakkimizda-1.jpg&#8221; background_position=&#8221;bottom_center&#8221; custom_padding=&#8221;120px||330px||false|false&#8221; custom_padding_tablet=&#8221;||200px||false|false&#8221; custom_padding_phone=&#8221;||240px||false|false&#8221; animation_style=&#8221;fade&#8221; animation_direction=&#8221;top&#8221; background_last_edited=&#8221;off|phone&#8221; parallax_phone=&#8221;off&#8221; background_blend_phone=&#8221;normal&#8221;][\/et_pb_section][et_pb_section fb_built=&#8221;1&#8243; admin_label=&#8221;Sayfa ad\u0131 ana konteyn\u0131r&#8221; _builder_version=&#8221;4.4.8&#8243; custom_padding=&#8221;0px||0px|||&#8221;][et_pb_row custom_padding_last_edited=&#8221;on|desktop&#8221; _builder_version=&#8221;4.6.4&#8243; _module_preset=&#8221;default&#8221; width=&#8221;100%&#8221; max_width=&#8221;80%&#8221; custom_padding=&#8221;||20px||false|false&#8221; custom_padding_tablet=&#8221;||10px||false|false&#8221; custom_padding_phone=&#8221;||5px||false|false&#8221; locked=&#8221;off&#8221;][et_pb_column type=&#8221;4_4&#8243; _builder_version=&#8221;4.6.4&#8243; _module_preset=&#8221;default&#8221;][et_pb_text content_last_edited=&#8221;off|desktop&#8221; _builder_version=&#8221;4.6.4&#8243; _module_preset=&#8221;default&#8221; custom_padding=&#8221;|15px||15px|false|true&#8221;]<\/p>\n<h1>ABOUT US<\/h1>\n<p>[\/et_pb_text][\/et_pb_column][\/et_pb_row][\/et_pb_section][et_pb_section fb_built=&#8221;1&#8243; custom_padding_last_edited=&#8221;on|phone&#8221; disabled_on=&#8221;off|off|off&#8221; admin_label=&#8221;\u0130\u00e7erik&#8221; _builder_version=&#8221;4.6.4&#8243; custom_padding=&#8221;60px||10px||false|false&#8221; custom_padding_tablet=&#8221;0px||||false|false&#8221; custom_padding_phone=&#8221;0px||0px||false|false&#8221;][et_pb_row column_structure=&#8221;2_5,3_5&#8243; _builder_version=&#8221;4.6.4&#8243; width=&#8221;100%&#8221; width_tablet=&#8221;95%&#8221; width_last_edited=&#8221;off|tablet&#8221; max_width=&#8221;80%&#8221; custom_margin=&#8221;0px||||false|false&#8221; custom_padding=&#8221;0px|0px|0px|0px|false|true&#8221;][et_pb_column type=&#8221;2_5&#8243; _builder_version=&#8221;4.4.8&#8243;][et_pb_image src=&#8221;https:\/\/meddefense.com.tr\/wp-content\/uploads\/2021\/02\/meddefense.jpg&#8221; title_text=&#8221;meddefense&#8221; disabled_on=&#8221;on|on|off&#8221; _builder_version=&#8221;4.6.4&#8243; _module_preset=&#8221;default&#8221; background_enable_image=&#8221;off&#8221; background_size=&#8221;initial&#8221; transform_translate=&#8221;30px|0px&#8221; transform_translate_linked=&#8221;off&#8221; custom_margin=&#8221;15px||||false|false&#8221; custom_margin_tablet=&#8221;&#8221; custom_margin_phone=&#8221;&#8221; custom_margin_last_edited=&#8221;on|phone&#8221; custom_padding=&#8221;|0px|||false|false&#8221;][\/et_pb_image][\/et_pb_column][et_pb_column type=&#8221;3_5&#8243; _builder_version=&#8221;4.4.8&#8243;][et_pb_text _builder_version=&#8221;4.6.4&#8243; text_line_height=&#8221;1.6em&#8221; header_3_font=&#8221;||||||||&#8221; header_3_text_color=&#8221;#000000&#8243; background_color=&#8221;#6d6d6d&#8221; background_enable_color=&#8221;off&#8221; custom_padding=&#8221;10px|15px|10px|15px|true|true&#8221; header_3_font_tablet=&#8221;&#8221; header_3_font_phone=&#8221;&#8221; header_3_font_last_edited=&#8221;on|desktop&#8221;]<\/p>\n<p>NETTA\u015e Durable Consumer Goods Organisation and Health Products Ltd. was founded in 1993 by Cyprus Veteran Necmi Bulan (1965 &#8211; Airborne Brigade) and operates in the field of international trade by closely following the needs of our country in the health sector and the latest technologies in the world.<\/p>\n<p>Our company also participates in Search and Rescue operations in many disasters &#8211; terrorist attacks in our country as company managers and employees.<span style=\"font-size: 18px;\">\u00a0<\/span><\/p>\n<p>[\/et_pb_text][\/et_pb_column][\/et_pb_row][\/et_pb_section][et_pb_section fb_built=&#8221;1&#8243; custom_padding_last_edited=&#8221;on|tablet&#8221; disabled_on=&#8221;off|off|on&#8221; _builder_version=&#8221;4.4.8&#8243; min_height_tablet=&#8221;&#8221; min_height_phone=&#8221;&#8221; min_height_last_edited=&#8221;on|phone&#8221; custom_padding=&#8221;0px||0px||false|false&#8221; custom_padding_tablet=&#8221;&#8221; custom_padding_phone=&#8221;&#8221;][et_pb_row _builder_version=&#8221;4.6.4&#8243; background_image=&#8221;https:\/\/meddefense.com.tr\/wp-content\/uploads\/2021\/02\/meddefense-hakkimizda-mobil.jpg&#8221; width=&#8221;100%&#8221; max_width=&#8221;100%&#8221; min_height=&#8221;150px&#8221; min_height_tablet=&#8221;150px&#8221; min_height_phone=&#8221;150px&#8221; min_height_last_edited=&#8221;on|tablet&#8221;][et_pb_column type=&#8221;4_4&#8243; _builder_version=&#8221;4.4.8&#8243;][\/et_pb_column][\/et_pb_row][\/et_pb_section][et_pb_section fb_built=&#8221;1&#8243; _builder_version=&#8221;4.4.8&#8243; background_image=&#8221;https:\/\/meddefense.com.tr\/wp-content\/uploads\/2020\/10\/meddefense-bg-1.jpg&#8221; background_size=&#8221;initial&#8221; background_position=&#8221;top_left&#8221; background_repeat=&#8221;repeat&#8221; custom_padding=&#8221;26px||26px||true|false&#8221;][et_pb_row column_structure=&#8221;1_2,1_2&#8243; _builder_version=&#8221;4.6.4&#8243; background_enable_image=&#8221;off&#8221; width=&#8221;100%&#8221; width_tablet=&#8221;95%&#8221; width_last_edited=&#8221;off|desktop&#8221; max_width=&#8221;80%&#8221; custom_padding=&#8221;0px||0px||true|false&#8221;][et_pb_column type=&#8221;1_2&#8243; _builder_version=&#8221;4.4.8&#8243;][et_pb_text admin_label=&#8221;Vizyon Misyon&#8221; _builder_version=&#8221;4.6.4&#8243; text_line_height=&#8221;1.6em&#8221; background_color=&#8221;#6d6d6d&#8221; background_enable_color=&#8221;off&#8221; custom_padding=&#8221;15px|15px|15px|15px|true|true&#8221; custom_padding_tablet=&#8221;||0px||false|true&#8221; custom_padding_phone=&#8221;||0px||false|true&#8221; custom_padding_last_edited=&#8221;on|tablet&#8221;]<\/p>\n<h4><strong>Our Vision<\/strong><\/h4>\n<p>To continuously research and provide modern biomedical products and services based on scientific foundations and the trust of those in need in the Health, Defence\/Disaster and Foreign Resources Service sectors.<\/p>\n<h4><strong>Our Mission<\/strong><\/h4>\n<p>Health, defence\/disaster preparedness sectors and service areas:<\/p>\n<ol>\n<li>To become a leading company that offers quality innovations and service,<\/li>\n<li>To be the most effective company in the sector in product flow,<\/li>\n<li>To be one of the best managed companies in functional competition and achieving targets, taking into account efficiency\/cost analyses by maintaining team awareness,<\/li>\n<li>To be one of the most trusted and proven companies in the sector by its customers,<\/li>\n<li><strong>To be the company that saves the most human lives and protects the environment.<\/strong><\/li>\n<\/ol>\n<p>[\/et_pb_text][\/et_pb_column][et_pb_column type=&#8221;1_2&#8243; _builder_version=&#8221;4.4.8&#8243;][et_pb_text _builder_version=&#8221;4.6.4&#8243; text_line_height=&#8221;1.6em&#8221; background_color=&#8221;#6d6d6d&#8221; background_enable_color=&#8221;off&#8221; custom_padding=&#8221;10px|15px|15px|15px|false|true&#8221;]<\/p>\n<p>The company&#8217;s <strong>Health Products<\/strong> structure is realised in the light of market research and developments in the medical sector. Netta\u015f team consists of sales staff specialised in surgery, orthopaedics, physiotherapy, and emergency medicine throughout Turkey, especially in the Marmara region. Currently, we have also accelerated wholesale dealership activities in order to reach every point throughout the country. Our products in the field of defence and disaster preparedness are known and used by the Turkish Armed Forces and fire brigades, civil defence, 112, and search and rescue teams. Especially the success of our products in biological fire fighting and leakage fighting proves the most effective use of biotechnologies.<\/p>\n<p>[\/et_pb_text][\/et_pb_column][\/et_pb_row][\/et_pb_section][et_pb_section fb_built=&#8221;1&#8243; _builder_version=&#8221;4.4.8&#8243; custom_padding=&#8221;30px||60px||false|false&#8221;][et_pb_row _builder_version=&#8221;4.6.4&#8243; width=&#8221;100%&#8221; width_tablet=&#8221;95%&#8221; width_phone=&#8221;&#8221; width_last_edited=&#8221;on|desktop&#8221; max_width=&#8221;80%&#8221; custom_padding=&#8221;21px||21px||true|false&#8221;][et_pb_column type=&#8221;4_4&#8243; _builder_version=&#8221;4.4.8&#8243;][et_pb_text _builder_version=&#8221;4.6.4&#8243; text_line_height=&#8221;1.6em&#8221; background_color=&#8221;#6d6d6d&#8221; background_enable_color=&#8221;off&#8221; custom_padding=&#8221;15px|15px|15px|15px|true|true&#8221;]<\/p>\n<p>All of our products have certificates such as <strong>NSN, NATO NSN, FDA, CE, TSE, EPA, NSF, NFPA<\/strong> or are in the application stage. The company&#8217;s Outsourcing Services started by identifying the needs of multinational companies working in the industry and service sector. Due to the increase in today&#8217;s technology needs, we are working with our active teams in IT and other branches.<\/p>\n<p>[\/et_pb_text][\/et_pb_column][\/et_pb_row][et_pb_row _builder_version=&#8221;4.6.4&#8243; background_enable_color=&#8221;off&#8221; background_image=&#8221;https:\/\/meddefense.com.tr\/wp-content\/uploads\/2020\/10\/meddefense-bg-1.jpg&#8221; background_position=&#8221;top_left&#8221; width_tablet=&#8221;95%&#8221; width_phone=&#8221;&#8221; width_last_edited=&#8221;on|desktop&#8221; custom_padding=&#8221;0px||0px||true|false&#8221;][et_pb_column type=&#8221;4_4&#8243; _builder_version=&#8221;4.4.8&#8243;][et_pb_text _builder_version=&#8221;4.6.4&#8243; text_font=&#8221;Fira Sans Extra Light Italic||||||||&#8221; text_font_size=&#8221;25px&#8221; background_color=&#8221;#6d6d6d&#8221; background_enable_color=&#8221;off&#8221; custom_padding=&#8221;15px|15px|15px|15px|true|true&#8221; border_color_all=&#8221;#e02b20&#8243; border_width_left=&#8221;16px&#8221;]<\/p>\n<p><strong>Our company has prioritised the national interests of the Turkish nation in all its works and has adopted the principle of keeping the country and public interests above its own interests.<\/strong><\/p>\n<p>[\/et_pb_text][\/et_pb_column][\/et_pb_row][\/et_pb_section]<\/p>\n","protected":false},"excerpt":{"rendered":"<p>[et_pb_section fb_built=&#8221;1&#8243; custom_padding_last_edited=&#8221;on|desktop&#8221; admin_label=&#8221;Ba\u015fl\u0131k G\u00f6rseli&#8221; _builder_version=&#8221;4.6.4&#8243; background_image=&#8221;https:\/\/meddefense.com.tr\/wp-content\/uploads\/2021\/02\/meddefense-hakkimizda-1.jpg&#8221; background_position=&#8221;bottom_center&#8221; custom_padding=&#8221;120px||330px||false|false&#8221; custom_padding_tablet=&#8221;||200px||false|false&#8221; custom_padding_phone=&#8221;||240px||false|false&#8221; animation_style=&#8221;fade&#8221; animation_direction=&#8221;top&#8221; background_last_edited=&#8221;off|phone&#8221; parallax_phone=&#8221;off&#8221; background_blend_phone=&#8221;normal&#8221;][\/et_pb_section][et_pb_section fb_built=&#8221;1&#8243; admin_label=&#8221;Sayfa ad\u0131 ana konteyn\u0131r&#8221; _builder_version=&#8221;4.4.8&#8243; custom_padding=&#8221;0px||0px|||&#8221;][et_pb_row custom_padding_last_edited=&#8221;on|desktop&#8221; _builder_version=&#8221;4.6.4&#8243; _module_preset=&#8221;default&#8221; width=&#8221;100%&#8221; max_width=&#8221;80%&#8221; custom_padding=&#8221;||20px||false|false&#8221; custom_padding_tablet=&#8221;||10px||false|false&#8221; custom_padding_phone=&#8221;||5px||false|false&#8221; locked=&#8221;off&#8221;][et_pb_column type=&#8221;4_4&#8243; _builder_version=&#8221;4.6.4&#8243; _module_preset=&#8221;default&#8221;][et_pb_text content_last_edited=&#8221;off|desktop&#8221; _builder_version=&#8221;4.6.4&#8243; _module_preset=&#8221;default&#8221; custom_padding=&#8221;|15px||15px|false|true&#8221;] ABOUT US [\/et_pb_text][\/et_pb_column][\/et_pb_row][\/et_pb_section][et_pb_section fb_built=&#8221;1&#8243; custom_padding_last_edited=&#8221;on|phone&#8221; disabled_on=&#8221;off|off|off&#8221; admin_label=&#8221;\u0130\u00e7erik&#8221; _builder_version=&#8221;4.6.4&#8243; custom_padding=&#8221;60px||10px||false|false&#8221; custom_padding_tablet=&#8221;0px||||false|false&#8221; custom_padding_phone=&#8221;0px||0px||false|false&#8221;][et_pb_row column_structure=&#8221;2_5,3_5&#8243; _builder_version=&#8221;4.6.4&#8243; width=&#8221;100%&#8221; width_tablet=&#8221;95%&#8221; width_last_edited=&#8221;off|tablet&#8221; [&hellip;]<\/p>\n","protected":false},"author":1,"featured_media":0,"parent":0,"menu_order":0,"comment_status":"closed","ping_status":"closed","template":"","meta":{"_et_pb_use_builder":"on","_et_pb_old_content":"","_et_gb_content_width":"","footnotes":""},"class_list":["post-280900","page","type-page","status-publish","hentry"],"_links":{"self":[{"href":"https:\/\/nettas.com.tr\/en\/wp-json\/wp\/v2\/pages\/280900","targetHints":{"allow":["GET"]}}],"collection":[{"href":"https:\/\/nettas.com.tr\/en\/wp-json\/wp\/v2\/pages"}],"about":[{"href":"https:\/\/nettas.com.tr\/en\/wp-json\/wp\/v2\/types\/page"}],"author":[{"embeddable":true,"href":"https:\/\/nettas.com.tr\/en\/wp-json\/wp\/v2\/users\/1"}],"replies":[{"embeddable":true,"href":"https:\/\/nettas.com.tr\/en\/wp-json\/wp\/v2\/comments?post=280900"}],"version-history":[{"count":0,"href":"https:\/\/nettas.com.tr\/en\/wp-json\/wp\/v2\/pages\/280900\/revisions"}],"wp:attachment":[{"href":"https:\/\/nettas.com.tr\/en\/wp-json\/wp\/v2\/media?parent=280900"}],"curies":[{"name":"wp","href":"https:\/\/api.w.org\/{rel}","templated":true}]}}